{"id":65,"date":"2024-11-19T06:11:19","date_gmt":"2024-11-19T06:11:19","guid":{"rendered":"https:\/\/tumiarte.com\/?page_id=65"},"modified":"2024-11-29T01:55:24","modified_gmt":"2024-11-29T01:55:24","slug":"devoluciones-y-reembolso","status":"publish","type":"page","link":"https:\/\/tumiarte.com\/en\/devoluciones-y-reembolso\/","title":{"rendered":"Our policies"},"content":{"rendered":"<div data-elementor-type=\"wp-page\" data-elementor-id=\"65\" class=\"elementor elementor-65\">\n\t\t\t\t<div class=\"elementor-element elementor-element-ccc74d8 e-flex e-con-boxed e-con e-parent\" data-id=\"ccc74d8\" data-element_type=\"container\">\n\t\t\t\t\t<div class=\"e-con-inner\">\n\t\t\t\t<div class=\"elementor-element elementor-element-6bea7b3 elementor-widget elementor-widget-spacer\" data-id=\"6bea7b3\" data-element_type=\"widget\" data-widget_type=\"spacer.default\">\n\t\t\t\t<div class=\"elementor-widget-container\">\n\t\t\t\t\t\t\t<div class=\"elementor-spacer\">\n\t\t\t<div class=\"elementor-spacer-inner\"><\/div>\n\t\t<\/div>\n\t\t\t\t\t\t<\/div>\n\t\t\t\t<\/div>\n\t\t\t\t<div class=\"elementor-element elementor-element-bb8411d elementor-widget elementor-widget-heading\" data-id=\"bb8411d\" data-element_type=\"widget\" data-widget_type=\"heading.default\">\n\t\t\t\t<div class=\"elementor-widget-container\">\n\t\t\t\t\t<h2 class=\"elementor-heading-title elementor-size-default\">RETURN AND REIMBURSEMENT POLICY\n<\/h2>\t\t\t\t<\/div>\n\t\t\t\t<\/div>\n\t\t\t\t<div class=\"elementor-element elementor-element-14a0b6c elementor-widget-divider--view-line elementor-widget elementor-widget-divider\" data-id=\"14a0b6c\" data-element_type=\"widget\" data-widget_type=\"divider.default\">\n\t\t\t\t<div class=\"elementor-widget-container\">\n\t\t\t\t\t\t\t<div class=\"elementor-divider\">\n\t\t\t<span class=\"elementor-divider-separator\">\n\t\t\t\t\t\t<\/span>\n\t\t<\/div>\n\t\t\t\t\t\t<\/div>\n\t\t\t\t<\/div>\n\t\t\t\t<div class=\"elementor-element elementor-element-b8bdf47 elementor-widget elementor-widget-text-editor\" data-id=\"b8bdf47\" data-element_type=\"widget\" data-widget_type=\"text-editor.default\">\n\t\t\t\t<div class=\"elementor-widget-container\">\n\t\t\t\t\t\t\t\t\t<p class=\"p1\">At t\u00fa mi arte we want you to be satisfied with the artwork you have purchased. Our return policy is 8 days from the day it arrives at your shipping destination. Please contact (insert here) to initiate a refund. \nAfter 8 days from when it arrives at your shipping destination, we will no longer be able to refund your purchase. \nDamage\nIf your item arrives in a shipping container that is damaged, please take a photo of the shipping container prior to opening it or no refund will be issued. Please contact us within 8 days of receiving the item.\n\nIf your item arrives damaged inside the shipping container but no damage was present on the shipping container, please take a photo and contact us within 8 days of the item arriving at your shipping destination.<\/p><p class=\"p1\">In order to be eligible for a return, the article must be in the same conditions in which you received it and in its original packaging.<\/p><p class=\"p1\"><b><i>The following items are non-refundable items:<\/i><\/b><\/p><p class=\"p1\">-Gift Certificates<\/p><p class=\"p1\">-Downloadable products<\/p><p class=\"p1\">-To complete your return, we require a receipt or proof of purchase.<\/p><p class=\"p1\"><b><i>There are certain scenarios in which only partial reimbursements are given:<\/i><\/b><\/p><p class=\"p1\">-Any item that is not in its original state, is damaged or is missing parts for reasons beyond our error.<\/p><p class=\"p1\">-Any item that is returned eight or more days after the delivery date.<\/p><p class=\"p1\"><b><i>Reimbursements:<\/i><\/b><\/p><p class=\"p1\">Once your returned item is received and inspected, we will notify you via email that we have received the returned item. We will also notify you the approval or rejection of your reimbursement.<\/p><p class=\"p1\">If it is approved, the reimbursement will be processed and a credit will automatically be issued to your credit card or original payment method within a period of the 30 days after receiving the returned item.<\/p><p class=\"p1\"><b><i>Reembolsos atrasados o perdidos<\/i><\/b><\/p><p class=\"p1\">If you haven\u00b4t received a reimbursement, first check your bank account again.<\/p><p class=\"p1\">Then contact your bank.<\/p><p class=\"p1\">Often there is a processing time before a reimbursement appears in your statement.<\/p><p class=\"p1\">If you have taken the previous steps and still have not received your reimbursement, send us a mail to mexfury@icloud.com<\/p><p class=\"p1\"><strong>Items for sale<\/strong><\/p><p class=\"p1\">We can only issue reimbursements for items purchased at regular price. Sale items cannot be returned.<\/p><p class=\"p1\"><b><br \/><i>Replacements<\/i><\/b><\/p><p class=\"p1\">We only replace articles if they are damaged or present defects apart from the regular inconsistencies proper to original artwork. Being original art work, it can not be repeated exactly, but it could be replaced by a similar piece. If you need to replace the item you acquired, contact us for further directions.<\/p><p class=\"p1\"><b><br \/><i>Shipment and returns<\/i><\/b><\/p><p class=\"p1\">In order to return your item, it must be sent by mail to the address you will be provided.<\/p><p class=\"p1\">The shipment costs are non-refundable.\u00a0<\/p><p class=\"p1\">Depending where you live, the time that it will take to receive the replacement product can vary.<\/p><p class=\"p1\">The item must be insured for shipping and has to be trackable. Failure to comply with the above could mean an impossibility to guarantee that we\u2019ll receive the returned item.<\/p><p class=\"p1\"><b><i>Do you need help?<\/i><\/b><\/p><p class=\"p1\">Contact us via WhatsApp with questions related to reimbursements and returns or send a email at mexfury@icloud.com<\/p>\t\t\t\t\t\t\t\t<\/div>\n\t\t\t\t<\/div>\n\t\t\t\t\t<\/div>\n\t\t\t\t<\/div>\n\t\t<div class=\"elementor-element elementor-element-23f71a77 e-flex e-con-boxed e-con e-parent\" data-id=\"23f71a77\" data-element_type=\"container\" data-settings=\"{&quot;background_background&quot;:&quot;classic&quot;}\">\n\t\t\t\t\t<div class=\"e-con-inner\">\n\t\t\t\t<div class=\"elementor-element elementor-element-684297ce elementor-widget elementor-widget-text-editor\" data-id=\"684297ce\" data-element_type=\"widget\" data-widget_type=\"text-editor.default\">\n\t\t\t\t<div class=\"elementor-widget-container\">\n\t\t\t\t\t\t\t\t\t<p class=\"p1\"><strong>Customer Service hours: <\/strong><\/p><p class=\"p1\">Monday to Friday 9 am to 7 pm. Saturdays from 9 am to 2 pm.\nMexico City Time<\/p><p>Copyright \u00a9 2024 tumiarte.com | Website developed by Dise\u00f1o Org\u00e1nico<\/p>\t\t\t\t\t\t\t\t<\/div>\n\t\t\t\t<\/div>\n\t\t\t\t\t<\/div>\n\t\t\t\t<\/div>\n\t\t\t\t<\/div>","protected":false},"excerpt":{"rendered":"<p>POL\u00cdTICA DE DEVOLUCIONES Y REEMBOLSO Nuestra pol\u00edtica de reembolso y devoluciones tiene una duraci\u00f3n de 30 d\u00edas. Si han pasado [&hellip;]<\/p>","protected":false},"author":2,"featured_media":0,"parent":0,"menu_order":0,"comment_status":"closed","ping_status":"closed","template":"","meta":{"om_disable_all_campaigns":false,"_monsterinsights_skip_tracking":false,"_monsterinsights_sitenote_active":false,"_monsterinsights_sitenote_note":"","_monsterinsights_sitenote_category":0,"site-sidebar-layout":"no-sidebar","site-content-layout":"","ast-site-content-layout":"full-width-container","site-content-style":"default","site-sidebar-style":"default","ast-global-header-display":"","ast-banner-title-visibility":"","ast-main-header-display":"","ast-hfb-above-header-display":"","ast-hfb-below-header-display":"","ast-hfb-mobile-header-display":"","site-post-title":"disabled","ast-breadcrumbs-content":"","ast-featured-img":"disabled","footer-sml-layout":"","theme-transparent-header-meta":"","adv-header-id-meta":"","stick-header-meta":"","header-above-stick-meta":"","header-main-stick-meta":"","header-below-stick-meta":"","astra-migrate-meta-layouts":"default","ast-page-background-enabled":"default","ast-page-background-meta":{"desktop":{"background-color":"var(--ast-global-color-4)","background-image":"","background-repeat":"repeat","background-position":"center center","background-size":"auto","background-attachment":"scroll","background-type":"","background-media":"","overlay-type":"","overlay-color":"","overlay-opacity":"","overlay-gradient":""},"tablet":{"background-color":"","background-image":"","background-repeat":"repeat","background-position":"center center","background-size":"auto","background-attachment":"scroll","background-type":"","background-media":"","overlay-type":"","overlay-color":"","overlay-opacity":"","overlay-gradient":""},"mobile":{"background-color":"","background-image":"","background-repeat":"repeat","background-position":"center center","background-size":"auto","background-attachment":"scroll","background-type":"","background-media":"","overlay-type":"","overlay-color":"","overlay-opacity":"","overlay-gradient":""}},"ast-content-background-meta":{"desktop":{"background-color":"var(--ast-global-color-5)","background-image":"","background-repeat":"repeat","background-position":"center center","background-size":"auto","background-attachment":"scroll","background-type":"","background-media":"","overlay-type":"","overlay-color":"","overlay-opacity":"","overlay-gradient":""},"tablet":{"background-color":"var(--ast-global-color-5)","background-image":"","background-repeat":"repeat","background-position":"center center","background-size":"auto","background-attachment":"scroll","background-type":"","background-media":"","overlay-type":"","overlay-color":"","overlay-opacity":"","overlay-gradient":""},"mobile":{"background-color":"var(--ast-global-color-5)","background-image":"","background-repeat":"repeat","background-position":"center center","background-size":"auto","background-attachment":"scroll","background-type":"","background-media":"","overlay-type":"","overlay-color":"","overlay-opacity":"","overlay-gradient":""}},"footnotes":""},"class_list":["post-65","page","type-page","status-publish","hentry"],"aioseo_notices":[],"_links":{"self":[{"href":"https:\/\/tumiarte.com\/en\/wp-json\/wp\/v2\/pages\/65","targetHints":{"allow":["GET"]}}],"collection":[{"href":"https:\/\/tumiarte.com\/en\/wp-json\/wp\/v2\/pages"}],"about":[{"href":"https:\/\/tumiarte.com\/en\/wp-json\/wp\/v2\/types\/page"}],"author":[{"embeddable":true,"href":"https:\/\/tumiarte.com\/en\/wp-json\/wp\/v2\/users\/2"}],"replies":[{"embeddable":true,"href":"https:\/\/tumiarte.com\/en\/wp-json\/wp\/v2\/comments?post=65"}],"version-history":[{"count":22,"href":"https:\/\/tumiarte.com\/en\/wp-json\/wp\/v2\/pages\/65\/revisions"}],"predecessor-version":[{"id":320,"href":"https:\/\/tumiarte.com\/en\/wp-json\/wp\/v2\/pages\/65\/revisions\/320"}],"wp:attachment":[{"href":"https:\/\/tumiarte.com\/en\/wp-json\/wp\/v2\/media?parent=65"}],"curies":[{"name":"wp","href":"https:\/\/api.w.org\/{rel}","templated":true}]}}