{"id":12,"date":"2024-11-19T05:48:16","date_gmt":"2024-11-19T05:48:16","guid":{"rendered":"https:\/\/tumiarte.com\/?page_id=12"},"modified":"2024-11-29T02:06:16","modified_gmt":"2024-11-29T02:06:16","slug":"inicio","status":"publish","type":"page","link":"https:\/\/tumiarte.com\/en\/","title":{"rendered":"HOME"},"content":{"rendered":"<div data-elementor-type=\"wp-page\" data-elementor-id=\"12\" class=\"elementor elementor-12\">\n\t\t\t\t<div class=\"elementor-element elementor-element-39a09c4 e-flex e-con-boxed e-con e-parent\" data-id=\"39a09c4\" data-element_type=\"container\" data-settings=\"{&quot;background_background&quot;:&quot;slideshow&quot;,&quot;background_slideshow_gallery&quot;:[{&quot;id&quot;:45,&quot;url&quot;:&quot;https:\\\/\\\/tumiarte.com\\\/wp-content\\\/uploads\\\/2024\\\/11\\\/Mapa-de-Nada-scaled.jpg&quot;}],&quot;background_slideshow_loop&quot;:&quot;yes&quot;,&quot;background_slideshow_slide_duration&quot;:5000,&quot;background_slideshow_slide_transition&quot;:&quot;fade&quot;,&quot;background_slideshow_transition_duration&quot;:500}\">\n\t\t\t\t\t<div class=\"e-con-inner\">\n\t\t\t\t<div class=\"elementor-element elementor-element-57d7d2d elementor-widget elementor-widget-spacer\" data-id=\"57d7d2d\" data-element_type=\"widget\" data-widget_type=\"spacer.default\">\n\t\t\t\t<div class=\"elementor-widget-container\">\n\t\t\t\t\t\t\t<div class=\"elementor-spacer\">\n\t\t\t<div class=\"elementor-spacer-inner\"><\/div>\n\t\t<\/div>\n\t\t\t\t\t\t<\/div>\n\t\t\t\t<\/div>\n\t\t\t\t\t<\/div>\n\t\t\t\t<\/div>\n\t\t<div class=\"elementor-element elementor-element-441de78 e-flex e-con-boxed e-con e-parent\" data-id=\"441de78\" data-element_type=\"container\">\n\t\t\t\t\t<div class=\"e-con-inner\">\n\t\t\t\t<div class=\"elementor-element elementor-element-8acad9c elementor-hidden-mobile elementor-widget elementor-widget-spacer\" data-id=\"8acad9c\" data-element_type=\"widget\" data-widget_type=\"spacer.default\">\n\t\t\t\t<div class=\"elementor-widget-container\">\n\t\t\t\t\t\t\t<div class=\"elementor-spacer\">\n\t\t\t<div class=\"elementor-spacer-inner\"><\/div>\n\t\t<\/div>\n\t\t\t\t\t\t<\/div>\n\t\t\t\t<\/div>\n\t\t\t\t<div class=\"elementor-element elementor-element-2a8df60 elementor-invisible elementor-widget elementor-widget-heading\" data-id=\"2a8df60\" data-element_type=\"widget\" data-settings=\"{&quot;_animation&quot;:&quot;zoomIn&quot;}\" data-widget_type=\"heading.default\">\n\t\t\t\t<div class=\"elementor-widget-container\">\n\t\t\t\t\t<h2 class=\"elementor-heading-title elementor-size-default\">T\u00fa mi arte <\/h2>\t\t\t\t<\/div>\n\t\t\t\t<\/div>\n\t\t\t\t<div class=\"elementor-element elementor-element-ce1261e animated-slow elementor-invisible elementor-widget elementor-widget-heading\" data-id=\"ce1261e\" data-element_type=\"widget\" data-settings=\"{&quot;_animation&quot;:&quot;zoomIn&quot;}\" data-widget_type=\"heading.default\">\n\t\t\t\t<div class=\"elementor-widget-container\">\n\t\t\t\t\t<h2 class=\"elementor-heading-title elementor-size-default\"> My art is self-expression<\/h2>\t\t\t\t<\/div>\n\t\t\t\t<\/div>\n\t\t\t\t<div class=\"elementor-element elementor-element-45ddfb4 elementor-hidden-mobile elementor-widget elementor-widget-spacer\" data-id=\"45ddfb4\" data-element_type=\"widget\" data-widget_type=\"spacer.default\">\n\t\t\t\t<div class=\"elementor-widget-container\">\n\t\t\t\t\t\t\t<div class=\"elementor-spacer\">\n\t\t\t<div class=\"elementor-spacer-inner\"><\/div>\n\t\t<\/div>\n\t\t\t\t\t\t<\/div>\n\t\t\t\t<\/div>\n\t\t\t\t<div class=\"elementor-element elementor-element-f097c4c elementor-widget elementor-widget-text-editor\" data-id=\"f097c4c\" data-element_type=\"widget\" data-widget_type=\"text-editor.default\">\n\t\t\t\t<div class=\"elementor-widget-container\">\n\t\t\t\t\t\t\t\t\t<p class=\"p1\">I am in love with the creative process itself. From the moment an idea emerges, to watching how it develops to seeing its eventual materialization. All these fills me with joy.<\/p><p class=\"p1\">At times, the work takes a life of its own and I seem to disappear. That experience is incredibly liberating:  I stop being the one in charge, and just allow the piece to go to where it must.<\/p><p class=\"p1\">Even if I dislike the eventual result, the joy of working this way fills my heart.<\/p>\t\t\t\t\t\t\t\t<\/div>\n\t\t\t\t<\/div>\n\t\t\t\t<div class=\"elementor-element elementor-element-5597478 elementor-widget elementor-widget-heading\" data-id=\"5597478\" data-element_type=\"widget\" data-widget_type=\"heading.default\">\n\t\t\t\t<div class=\"elementor-widget-container\">\n\t\t\t\t\t<h2 class=\"elementor-heading-title elementor-size-default\">Elena Ascencio-Ib\u00e1\u00f1ez<\/h2>\t\t\t\t<\/div>\n\t\t\t\t<\/div>\n\t\t\t\t<div class=\"elementor-element elementor-element-d417d84 elementor-align-center elementor-widget elementor-widget-button\" data-id=\"d417d84\" data-element_type=\"widget\" data-widget_type=\"button.default\">\n\t\t\t\t<div class=\"elementor-widget-container\">\n\t\t\t\t\t\t\t\t\t<div class=\"elementor-button-wrapper\">\n\t\t\t\t\t<a class=\"elementor-button elementor-button-link elementor-size-sm\" href=\"https:\/\/tumiarte.com\/en\/galeria\/\">\n\t\t\t\t\t\t<span class=\"elementor-button-content-wrapper\">\n\t\t\t\t\t\t\t\t\t<span class=\"elementor-button-text\">See gallery<\/span>\n\t\t\t\t\t<\/span>\n\t\t\t\t\t<\/a>\n\t\t\t\t<\/div>\n\t\t\t\t\t\t\t\t<\/div>\n\t\t\t\t<\/div>\n\t\t\t\t<div class=\"elementor-element elementor-element-324f060 elementor-widget elementor-widget-spacer\" data-id=\"324f060\" data-element_type=\"widget\" data-widget_type=\"spacer.default\">\n\t\t\t\t<div class=\"elementor-widget-container\">\n\t\t\t\t\t\t\t<div class=\"elementor-spacer\">\n\t\t\t<div class=\"elementor-spacer-inner\"><\/div>\n\t\t<\/div>\n\t\t\t\t\t\t<\/div>\n\t\t\t\t<\/div>\n\t\t\t\t<div class=\"elementor-element elementor-element-596b7b1 elementor-widget-divider--view-line elementor-widget elementor-widget-divider\" data-id=\"596b7b1\" data-element_type=\"widget\" data-widget_type=\"divider.default\">\n\t\t\t\t<div class=\"elementor-widget-container\">\n\t\t\t\t\t\t\t<div class=\"elementor-divider\">\n\t\t\t<span class=\"elementor-divider-separator\">\n\t\t\t\t\t\t<\/span>\n\t\t<\/div>\n\t\t\t\t\t\t<\/div>\n\t\t\t\t<\/div>\n\t\t\t\t<div class=\"elementor-element elementor-element-60a775f elementor-widget elementor-widget-spacer\" data-id=\"60a775f\" data-element_type=\"widget\" data-widget_type=\"spacer.default\">\n\t\t\t\t<div class=\"elementor-widget-container\">\n\t\t\t\t\t\t\t<div class=\"elementor-spacer\">\n\t\t\t<div class=\"elementor-spacer-inner\"><\/div>\n\t\t<\/div>\n\t\t\t\t\t\t<\/div>\n\t\t\t\t<\/div>\n\t\t\t\t<div class=\"elementor-element elementor-element-52675c6 elementor-widget elementor-widget-text-editor\" data-id=\"52675c6\" data-element_type=\"widget\" data-widget_type=\"text-editor.default\">\n\t\t\t\t<div class=\"elementor-widget-container\">\n\t\t\t\t\t\t\t\t\t<p class=\"p1\"><span class=\"s1\"><i><strong>T\u00fa mi arte<\/strong><\/i> is a space created for self-expression, I want to\u00a0<b>share creations,<\/b>not only mine, but those of other artists as well in order to celebrate and present the diversity in the field of artistic expression. If <strong><em>y<\/em><i><strong>ou<\/strong> are an artist<\/i><\/strong>who would like to be featured as a guest artist sharing\u00a0<b>your work and selling it through links associated to your own personal site and social media<\/b>\u00a0he invitation is open to do so.<\/span><\/p><p class=\"p1\"><span class=\"s1\">Please contact us to schedule a meeting and develop a plan.<\/span><\/p>\t\t\t\t\t\t\t\t<\/div>\n\t\t\t\t<\/div>\n\t\t\t\t<div class=\"elementor-element elementor-element-66ee5fd elementor-align-center elementor-widget elementor-widget-button\" data-id=\"66ee5fd\" data-element_type=\"widget\" data-widget_type=\"button.default\">\n\t\t\t\t<div class=\"elementor-widget-container\">\n\t\t\t\t\t\t\t\t\t<div class=\"elementor-button-wrapper\">\n\t\t\t\t\t<a class=\"elementor-button elementor-button-link elementor-size-sm\" href=\"https:\/\/wa.link\/8tkebg\">\n\t\t\t\t\t\t<span class=\"elementor-button-content-wrapper\">\n\t\t\t\t\t\t\t\t\t<span class=\"elementor-button-text\">Schedule<\/span>\n\t\t\t\t\t<\/span>\n\t\t\t\t\t<\/a>\n\t\t\t\t<\/div>\n\t\t\t\t\t\t\t\t<\/div>\n\t\t\t\t<\/div>\n\t\t\t\t<div class=\"elementor-element elementor-element-4c4c3da elementor-widget elementor-widget-spacer\" data-id=\"4c4c3da\" data-element_type=\"widget\" data-widget_type=\"spacer.default\">\n\t\t\t\t<div class=\"elementor-widget-container\">\n\t\t\t\t\t\t\t<div class=\"elementor-spacer\">\n\t\t\t<div class=\"elementor-spacer-inner\"><\/div>\n\t\t<\/div>\n\t\t\t\t\t\t<\/div>\n\t\t\t\t<\/div>\n\t\t\t\t\t<\/div>\n\t\t\t\t<\/div>\n\t\t<div class=\"elementor-element elementor-element-76eb35f e-flex e-con-boxed e-con e-parent\" data-id=\"76eb35f\" data-element_type=\"container\">\n\t\t\t\t\t<div class=\"e-con-inner\">\n\t\t\t\t<div class=\"elementor-element elementor-element-0b5f2eb elementor-widget-divider--view-line elementor-widget elementor-widget-divider\" data-id=\"0b5f2eb\" data-element_type=\"widget\" data-widget_type=\"divider.default\">\n\t\t\t\t<div class=\"elementor-widget-container\">\n\t\t\t\t\t\t\t<div class=\"elementor-divider\">\n\t\t\t<span class=\"elementor-divider-separator\">\n\t\t\t\t\t\t<\/span>\n\t\t<\/div>\n\t\t\t\t\t\t<\/div>\n\t\t\t\t<\/div>\n\t\t\t\t<div class=\"elementor-element elementor-element-a30524d elementor-widget elementor-widget-spacer\" data-id=\"a30524d\" data-element_type=\"widget\" data-widget_type=\"spacer.default\">\n\t\t\t\t<div class=\"elementor-widget-container\">\n\t\t\t\t\t\t\t<div class=\"elementor-spacer\">\n\t\t\t<div class=\"elementor-spacer-inner\"><\/div>\n\t\t<\/div>\n\t\t\t\t\t\t<\/div>\n\t\t\t\t<\/div>\n\t\t\t\t<div class=\"elementor-element elementor-element-a3a01a2 elementor-invisible elementor-widget elementor-widget-heading\" data-id=\"a3a01a2\" data-element_type=\"widget\" data-settings=\"{&quot;_animation&quot;:&quot;zoomIn&quot;}\" data-widget_type=\"heading.default\">\n\t\t\t\t<div class=\"elementor-widget-container\">\n\t\t\t\t\t<h2 class=\"elementor-heading-title elementor-size-default\">G A L L E R Y <\/h2>\t\t\t\t<\/div>\n\t\t\t\t<\/div>\n\t\t\t\t\t<\/div>\n\t\t\t\t<\/div>\n\t\t<div class=\"elementor-element elementor-element-6f6ec1c e-con-full animated-slow e-flex elementor-invisible e-con e-parent\" data-id=\"6f6ec1c\" data-element_type=\"container\" data-settings=\"{&quot;background_background&quot;:&quot;classic&quot;,&quot;animation&quot;:&quot;fadeInLeft&quot;}\">\n\t\t<div class=\"elementor-element elementor-element-e6a497e e-con-full e-flex e-con e-child\" data-id=\"e6a497e\" data-element_type=\"container\">\n\t\t\t\t<div class=\"elementor-element elementor-element-9dbb468 elementor-widget elementor-widget-image\" data-id=\"9dbb468\" data-element_type=\"widget\" data-widget_type=\"image.default\">\n\t\t\t\t<div class=\"elementor-widget-container\">\n\t\t\t\t\t\t\t\t\t\t\t\t\t\t\t\t<a href=\"https:\/\/tumiarte.com\/en\/galeria\/\">\n\t\t\t\t\t\t\t<img fetchpriority=\"high\" decoding=\"async\" width=\"1024\" height=\"1024\" src=\"https:\/\/tumiarte.com\/wp-content\/uploads\/2024\/11\/5-1024x1024.png\" class=\"attachment-large size-large wp-image-113\" alt=\"\" srcset=\"https:\/\/tumiarte.com\/wp-content\/uploads\/2024\/11\/5-1024x1024.png 1024w, https:\/\/tumiarte.com\/wp-content\/uploads\/2024\/11\/5-300x300.png 300w, https:\/\/tumiarte.com\/wp-content\/uploads\/2024\/11\/5-150x150.png 150w, https:\/\/tumiarte.com\/wp-content\/uploads\/2024\/11\/5-768x768.png 768w, https:\/\/tumiarte.com\/wp-content\/uploads\/2024\/11\/5-1536x1536.png 1536w, https:\/\/tumiarte.com\/wp-content\/uploads\/2024\/11\/5-2048x2048.png 2048w, https:\/\/tumiarte.com\/wp-content\/uploads\/2024\/11\/5-12x12.png 12w, https:\/\/tumiarte.com\/wp-content\/uploads\/2024\/11\/5-600x600.png 600w, https:\/\/tumiarte.com\/wp-content\/uploads\/2024\/11\/5-100x100.png 100w\" sizes=\"(max-width: 1024px) 100vw, 1024px\" \/>\t\t\t\t\t\t\t\t<\/a>\n\t\t\t\t\t\t\t\t\t\t\t\t\t\t\t<\/div>\n\t\t\t\t<\/div>\n\t\t\t\t<\/div>\n\t\t<div class=\"elementor-element elementor-element-f11e90f e-con-full e-flex e-con e-child\" data-id=\"f11e90f\" data-element_type=\"container\">\n\t\t\t\t<div class=\"elementor-element elementor-element-af6ed39 elementor-widget elementor-widget-image\" data-id=\"af6ed39\" data-element_type=\"widget\" data-widget_type=\"image.default\">\n\t\t\t\t<div class=\"elementor-widget-container\">\n\t\t\t\t\t\t\t\t\t\t\t\t\t\t\t\t<a href=\"https:\/\/tumiarte.com\/en\/galeria\/\">\n\t\t\t\t\t\t\t<img decoding=\"async\" width=\"1024\" height=\"1024\" src=\"https:\/\/tumiarte.com\/wp-content\/uploads\/2024\/11\/41-1024x1024.png\" class=\"attachment-large size-large wp-image-149\" alt=\"\" srcset=\"https:\/\/tumiarte.com\/wp-content\/uploads\/2024\/11\/41-1024x1024.png 1024w, https:\/\/tumiarte.com\/wp-content\/uploads\/2024\/11\/41-300x300.png 300w, https:\/\/tumiarte.com\/wp-content\/uploads\/2024\/11\/41-150x150.png 150w, https:\/\/tumiarte.com\/wp-content\/uploads\/2024\/11\/41-768x768.png 768w, https:\/\/tumiarte.com\/wp-content\/uploads\/2024\/11\/41-1536x1536.png 1536w, https:\/\/tumiarte.com\/wp-content\/uploads\/2024\/11\/41-2048x2048.png 2048w, https:\/\/tumiarte.com\/wp-content\/uploads\/2024\/11\/41-12x12.png 12w, https:\/\/tumiarte.com\/wp-content\/uploads\/2024\/11\/41-600x600.png 600w, https:\/\/tumiarte.com\/wp-content\/uploads\/2024\/11\/41-100x100.png 100w\" sizes=\"(max-width: 1024px) 100vw, 1024px\" \/>\t\t\t\t\t\t\t\t<\/a>\n\t\t\t\t\t\t\t\t\t\t\t\t\t\t\t<\/div>\n\t\t\t\t<\/div>\n\t\t\t\t<\/div>\n\t\t<div class=\"elementor-element elementor-element-54b5088 e-con-full e-flex e-con e-child\" data-id=\"54b5088\" data-element_type=\"container\">\n\t\t\t\t<div class=\"elementor-element elementor-element-f1db0bf elementor-widget elementor-widget-image\" data-id=\"f1db0bf\" data-element_type=\"widget\" data-widget_type=\"image.default\">\n\t\t\t\t<div class=\"elementor-widget-container\">\n\t\t\t\t\t\t\t\t\t\t\t\t\t\t\t\t<a href=\"https:\/\/tumiarte.com\/en\/galeria\/\">\n\t\t\t\t\t\t\t<img decoding=\"async\" width=\"1024\" height=\"1024\" src=\"https:\/\/tumiarte.com\/wp-content\/uploads\/2024\/11\/1-1024x1024.png\" class=\"attachment-large size-large wp-image-109\" alt=\"\" srcset=\"https:\/\/tumiarte.com\/wp-content\/uploads\/2024\/11\/1-1024x1024.png 1024w, https:\/\/tumiarte.com\/wp-content\/uploads\/2024\/11\/1-300x300.png 300w, https:\/\/tumiarte.com\/wp-content\/uploads\/2024\/11\/1-150x150.png 150w, https:\/\/tumiarte.com\/wp-content\/uploads\/2024\/11\/1-768x768.png 768w, https:\/\/tumiarte.com\/wp-content\/uploads\/2024\/11\/1-1536x1536.png 1536w, https:\/\/tumiarte.com\/wp-content\/uploads\/2024\/11\/1-2048x2048.png 2048w, https:\/\/tumiarte.com\/wp-content\/uploads\/2024\/11\/1-12x12.png 12w, https:\/\/tumiarte.com\/wp-content\/uploads\/2024\/11\/1-600x600.png 600w, https:\/\/tumiarte.com\/wp-content\/uploads\/2024\/11\/1-100x100.png 100w\" sizes=\"(max-width: 1024px) 100vw, 1024px\" \/>\t\t\t\t\t\t\t\t<\/a>\n\t\t\t\t\t\t\t\t\t\t\t\t\t\t\t<\/div>\n\t\t\t\t<\/div>\n\t\t\t\t<\/div>\n\t\t<div class=\"elementor-element elementor-element-a389400 e-con-full e-flex e-con e-child\" data-id=\"a389400\" data-element_type=\"container\">\n\t\t\t\t<div class=\"elementor-element elementor-element-055e13d elementor-widget elementor-widget-image\" data-id=\"055e13d\" data-element_type=\"widget\" data-widget_type=\"image.default\">\n\t\t\t\t<div class=\"elementor-widget-container\">\n\t\t\t\t\t\t\t\t\t\t\t\t\t\t\t\t<a href=\"https:\/\/tumiarte.com\/en\/galeria\/\">\n\t\t\t\t\t\t\t<img loading=\"lazy\" decoding=\"async\" width=\"1024\" height=\"1024\" src=\"https:\/\/tumiarte.com\/wp-content\/uploads\/2024\/11\/35-1024x1024.png\" class=\"attachment-large size-large wp-image-143\" alt=\"\" srcset=\"https:\/\/tumiarte.com\/wp-content\/uploads\/2024\/11\/35-1024x1024.png 1024w, https:\/\/tumiarte.com\/wp-content\/uploads\/2024\/11\/35-300x300.png 300w, https:\/\/tumiarte.com\/wp-content\/uploads\/2024\/11\/35-150x150.png 150w, https:\/\/tumiarte.com\/wp-content\/uploads\/2024\/11\/35-768x768.png 768w, https:\/\/tumiarte.com\/wp-content\/uploads\/2024\/11\/35-1536x1536.png 1536w, https:\/\/tumiarte.com\/wp-content\/uploads\/2024\/11\/35-2048x2048.png 2048w, https:\/\/tumiarte.com\/wp-content\/uploads\/2024\/11\/35-12x12.png 12w, https:\/\/tumiarte.com\/wp-content\/uploads\/2024\/11\/35-600x600.png 600w, https:\/\/tumiarte.com\/wp-content\/uploads\/2024\/11\/35-100x100.png 100w\" sizes=\"(max-width: 1024px) 100vw, 1024px\" \/>\t\t\t\t\t\t\t\t<\/a>\n\t\t\t\t\t\t\t\t\t\t\t\t\t\t\t<\/div>\n\t\t\t\t<\/div>\n\t\t\t\t<\/div>\n\t\t\t\t<\/div>\n\t\t<div class=\"elementor-element elementor-element-e9fcb27 e-flex e-con-boxed e-con e-parent\" data-id=\"e9fcb27\" data-element_type=\"container\">\n\t\t\t\t\t<div class=\"e-con-inner\">\n\t\t\t\t<div class=\"elementor-element elementor-element-426f42c elementor-widget elementor-widget-spacer\" data-id=\"426f42c\" data-element_type=\"widget\" data-widget_type=\"spacer.default\">\n\t\t\t\t<div class=\"elementor-widget-container\">\n\t\t\t\t\t\t\t<div class=\"elementor-spacer\">\n\t\t\t<div class=\"elementor-spacer-inner\"><\/div>\n\t\t<\/div>\n\t\t\t\t\t\t<\/div>\n\t\t\t\t<\/div>\n\t\t\t\t<div class=\"elementor-element elementor-element-04a4f3d elementor-align-center elementor-widget elementor-widget-button\" data-id=\"04a4f3d\" data-element_type=\"widget\" data-widget_type=\"button.default\">\n\t\t\t\t<div class=\"elementor-widget-container\">\n\t\t\t\t\t\t\t\t\t<div class=\"elementor-button-wrapper\">\n\t\t\t\t\t<a class=\"elementor-button elementor-button-link elementor-size-sm\" href=\"https:\/\/tumiarte.com\/en\/galeria\/\">\n\t\t\t\t\t\t<span class=\"elementor-button-content-wrapper\">\n\t\t\t\t\t\t\t\t\t<span class=\"elementor-button-text\">See gallery<\/span>\n\t\t\t\t\t<\/span>\n\t\t\t\t\t<\/a>\n\t\t\t\t<\/div>\n\t\t\t\t\t\t\t\t<\/div>\n\t\t\t\t<\/div>\n\t\t\t\t<div class=\"elementor-element elementor-element-22e79ab elementor-widget elementor-widget-spacer\" data-id=\"22e79ab\" data-element_type=\"widget\" data-widget_type=\"spacer.default\">\n\t\t\t\t<div class=\"elementor-widget-container\">\n\t\t\t\t\t\t\t<div class=\"elementor-spacer\">\n\t\t\t<div class=\"elementor-spacer-inner\"><\/div>\n\t\t<\/div>\n\t\t\t\t\t\t<\/div>\n\t\t\t\t<\/div>\n\t\t\t\t<div class=\"elementor-element elementor-element-1eeb062 elementor-widget-divider--view-line elementor-widget elementor-widget-divider\" data-id=\"1eeb062\" data-element_type=\"widget\" data-widget_type=\"divider.default\">\n\t\t\t\t<div class=\"elementor-widget-container\">\n\t\t\t\t\t\t\t<div class=\"elementor-divider\">\n\t\t\t<span class=\"elementor-divider-separator\">\n\t\t\t\t\t\t<\/span>\n\t\t<\/div>\n\t\t\t\t\t\t<\/div>\n\t\t\t\t<\/div>\n\t\t\t\t\t<\/div>\n\t\t\t\t<\/div>\n\t\t<div class=\"elementor-element elementor-element-a371c3f e-flex e-con-boxed e-con e-parent\" data-id=\"a371c3f\" data-element_type=\"container\">\n\t\t\t\t\t<div class=\"e-con-inner\">\n\t\t\t\t<div class=\"elementor-element elementor-element-f02b809 elementor-widget elementor-widget-spacer\" data-id=\"f02b809\" data-element_type=\"widget\" data-widget_type=\"spacer.default\">\n\t\t\t\t<div class=\"elementor-widget-container\">\n\t\t\t\t\t\t\t<div class=\"elementor-spacer\">\n\t\t\t<div class=\"elementor-spacer-inner\"><\/div>\n\t\t<\/div>\n\t\t\t\t\t\t<\/div>\n\t\t\t\t<\/div>\n\t\t\t\t<div class=\"elementor-element elementor-element-c3bc56d elementor-invisible elementor-widget elementor-widget-heading\" data-id=\"c3bc56d\" data-element_type=\"widget\" data-settings=\"{&quot;_animation&quot;:&quot;zoomIn&quot;}\" data-widget_type=\"heading.default\">\n\t\t\t\t<div class=\"elementor-widget-container\">\n\t\t\t\t\t<h2 class=\"elementor-heading-title elementor-size-default\">Caring for your artwork<\/h2>\t\t\t\t<\/div>\n\t\t\t\t<\/div>\n\t\t\t\t<div class=\"elementor-element elementor-element-294310e elementor-widget elementor-widget-text-editor\" data-id=\"294310e\" data-element_type=\"widget\" data-widget_type=\"text-editor.default\">\n\t\t\t\t<div class=\"elementor-widget-container\">\n\t\t\t\t\t\t\t\t\t<p class=\"p1 translation-block\">At t\u00fa mi arte we want you to enjoy the art you purchased for many years.  I have given a lot of care in utilizing high quality materials in my work with acid free paper and lightfast pigments whenever possible.<\/p><p class=\"p1\">Para asegurarte de conservar la obra en el mejor estado durante mucho tiempo, por favor aseg\u00farate de mantenerla fuera de luz solar directa y alejada de humedad, cambios dr\u00e1sticos de temperatura y polvo.<\/p>\t\t\t\t\t\t\t\t<\/div>\n\t\t\t\t<\/div>\n\t\t\t\t<div class=\"elementor-element elementor-element-f53f4d9 elementor-widget elementor-widget-spacer\" data-id=\"f53f4d9\" data-element_type=\"widget\" data-widget_type=\"spacer.default\">\n\t\t\t\t<div class=\"elementor-widget-container\">\n\t\t\t\t\t\t\t<div class=\"elementor-spacer\">\n\t\t\t<div class=\"elementor-spacer-inner\"><\/div>\n\t\t<\/div>\n\t\t\t\t\t\t<\/div>\n\t\t\t\t<\/div>\n\t\t\t\t<div class=\"elementor-element elementor-element-444d21d elementor-widget-divider--view-line elementor-widget elementor-widget-divider\" data-id=\"444d21d\" data-element_type=\"widget\" data-widget_type=\"divider.default\">\n\t\t\t\t<div class=\"elementor-widget-container\">\n\t\t\t\t\t\t\t<div class=\"elementor-divider\">\n\t\t\t<span class=\"elementor-divider-separator\">\n\t\t\t\t\t\t<\/span>\n\t\t<\/div>\n\t\t\t\t\t\t<\/div>\n\t\t\t\t<\/div>\n\t\t\t\t\t<\/div>\n\t\t\t\t<\/div>\n\t\t<div class=\"elementor-element elementor-element-c14cadd e-flex e-con-boxed e-con e-parent\" data-id=\"c14cadd\" data-element_type=\"container\" data-settings=\"{&quot;background_background&quot;:&quot;classic&quot;}\">\n\t\t\t\t\t<div class=\"e-con-inner\">\n\t\t\t\t<div class=\"elementor-element elementor-element-7edc35e elementor-widget elementor-widget-text-editor\" data-id=\"7edc35e\" data-element_type=\"widget\" data-widget_type=\"text-editor.default\">\n\t\t\t\t<div class=\"elementor-widget-container\">\n\t\t\t\t\t\t\t\t\t<p class=\"p1\"><strong>Customer Service hours: <\/strong><\/p><p class=\"p1\">Monday to Friday 9 am to 7 pm. Saturdays from 9 am to 2 pm.\nMexico City Time<\/p><p>Copyright \u00a9 2024 tumiarte.com | Website developed by Dise\u00f1o Org\u00e1nico<\/p>\t\t\t\t\t\t\t\t<\/div>\n\t\t\t\t<\/div>\n\t\t\t\t\t<\/div>\n\t\t\t\t<\/div>\n\t\t<div class=\"elementor-element elementor-element-1e00495d e-flex e-con-boxed e-con e-parent\" data-id=\"1e00495d\" data-element_type=\"container\">\n\t\t\t\t\t<div class=\"e-con-inner\">\n\t\t\t\t<div class=\"elementor-element elementor-element-623de4ad elementor-widget elementor-widget-spacer\" data-id=\"623de4ad\" data-element_type=\"widget\" data-widget_type=\"spacer.default\">\n\t\t\t\t<div class=\"elementor-widget-container\">\n\t\t\t\t\t\t\t<div class=\"elementor-spacer\">\n\t\t\t<div class=\"elementor-spacer-inner\"><\/div>\n\t\t<\/div>\n\t\t\t\t\t\t<\/div>\n\t\t\t\t<\/div>\n\t\t\t\t<div class=\"elementor-element elementor-element-2c988fdf elementor-widget elementor-widget-text-editor\" data-id=\"2c988fdf\" data-element_type=\"widget\" data-widget_type=\"text-editor.default\">\n\t\t\t\t<div class=\"elementor-widget-container\">\n\t\t\t\t\t\t\t\t\t<p><a href=\"https:\/\/tumiarte.com\/en\/devoluciones-y-reembolso\/\"><strong>RETURN AND REIMBURSEMENT POLICY<\/strong><\/a><\/p>\t\t\t\t\t\t\t\t<\/div>\n\t\t\t\t<\/div>\n\t\t\t\t\t<\/div>\n\t\t\t\t<\/div>\n\t\t\t\t<\/div>","protected":false},"excerpt":{"rendered":"<p>T\u00fa mi arte es auto expresi\u00f3n Estoy enamorada del proceso creativo en s\u00ed. Desde el momento en que una idea [&hellip;]<\/p>","protected":false},"author":2,"featured_media":0,"parent":0,"menu_order":0,"comment_status":"closed","ping_status":"closed","template":"","meta":{"om_disable_all_campaigns":false,"_monsterinsights_skip_tracking":false,"_monsterinsights_sitenote_active":false,"_monsterinsights_sitenote_note":"","_monsterinsights_sitenote_category":0,"site-sidebar-layout":"no-sidebar","site-content-layout":"","ast-site-content-layout":"full-width-container","site-content-style":"default","site-sidebar-style":"default","ast-global-header-display":"","ast-banner-title-visibility":"","ast-main-header-display":"","ast-hfb-above-header-display":"","ast-hfb-below-header-display":"","ast-hfb-mobile-header-display":"","site-post-title":"disabled","ast-breadcrumbs-content":"","ast-featured-img":"disabled","footer-sml-layout":"","theme-transparent-header-meta":"","adv-header-id-meta":"","stick-header-meta":"","header-above-stick-meta":"","header-main-stick-meta":"","header-below-stick-meta":"","astra-migrate-meta-layouts":"default","ast-page-background-enabled":"default","ast-page-background-meta":{"desktop":{"background-color":"var(--ast-global-color-4)","background-image":"","background-repeat":"repeat","background-position":"center center","background-size":"auto","background-attachment":"scroll","background-type":"","background-media":"","overlay-type":"","overlay-color":"","overlay-opacity":"","overlay-gradient":""},"tablet":{"background-color":"","background-image":"","background-repeat":"repeat","background-position":"center center","background-size":"auto","background-attachment":"scroll","background-type":"","background-media":"","overlay-type":"","overlay-color":"","overlay-opacity":"","overlay-gradient":""},"mobile":{"background-color":"","background-image":"","background-repeat":"repeat","background-position":"center center","background-size":"auto","background-attachment":"scroll","background-type":"","background-media":"","overlay-type":"","overlay-color":"","overlay-opacity":"","overlay-gradient":""}},"ast-content-background-meta":{"desktop":{"background-color":"var(--ast-global-color-5)","background-image":"","background-repeat":"repeat","background-position":"center center","background-size":"auto","background-attachment":"scroll","background-type":"","background-media":"","overlay-type":"","overlay-color":"","overlay-opacity":"","overlay-gradient":""},"tablet":{"background-color":"var(--ast-global-color-5)","background-image":"","background-repeat":"repeat","background-position":"center center","background-size":"auto","background-attachment":"scroll","background-type":"","background-media":"","overlay-type":"","overlay-color":"","overlay-opacity":"","overlay-gradient":""},"mobile":{"background-color":"var(--ast-global-color-5)","background-image":"","background-repeat":"repeat","background-position":"center center","background-size":"auto","background-attachment":"scroll","background-type":"","background-media":"","overlay-type":"","overlay-color":"","overlay-opacity":"","overlay-gradient":""}},"footnotes":""},"class_list":["post-12","page","type-page","status-publish","hentry"],"aioseo_notices":[],"_links":{"self":[{"href":"https:\/\/tumiarte.com\/en\/wp-json\/wp\/v2\/pages\/12","targetHints":{"allow":["GET"]}}],"collection":[{"href":"https:\/\/tumiarte.com\/en\/wp-json\/wp\/v2\/pages"}],"about":[{"href":"https:\/\/tumiarte.com\/en\/wp-json\/wp\/v2\/types\/page"}],"author":[{"embeddable":true,"href":"https:\/\/tumiarte.com\/en\/wp-json\/wp\/v2\/users\/2"}],"replies":[{"embeddable":true,"href":"https:\/\/tumiarte.com\/en\/wp-json\/wp\/v2\/comments?post=12"}],"version-history":[{"count":52,"href":"https:\/\/tumiarte.com\/en\/wp-json\/wp\/v2\/pages\/12\/revisions"}],"predecessor-version":[{"id":346,"href":"https:\/\/tumiarte.com\/en\/wp-json\/wp\/v2\/pages\/12\/revisions\/346"}],"wp:attachment":[{"href":"https:\/\/tumiarte.com\/en\/wp-json\/wp\/v2\/media?parent=12"}],"curies":[{"name":"wp","href":"https:\/\/api.w.org\/{rel}","templated":true}]}}